{"id":7652,"date":"2026-05-12T09:33:33","date_gmt":"2026-05-12T07:33:33","guid":{"rendered":"https:\/\/labor.verisana.de\/?page_id=7652"},"modified":"2026-05-12T11:52:26","modified_gmt":"2026-05-12T09:52:26","slug":"impressum","status":"publish","type":"page","link":"https:\/\/labor.verisana.de\/en\/impressum\/","title":{"rendered":"Impressum"},"content":{"rendered":"<div data-elementor-type=\"wp-page\" data-elementor-id=\"7652\" class=\"elementor elementor-7652\" data-elementor-post-type=\"page\">\n\t\t\t\t<div class=\"elementor-element elementor-element-7139a15f e-con-full e-flex e-con e-parent\" data-id=\"7139a15f\" data-element_type=\"container\" data-e-type=\"container\" data-settings=\"{&quot;jet_parallax_layout_list&quot;:[]}\">\n\t\t\t\t<div class=\"elementor-element elementor-element-79b6dd6d elementor-widget__width-initial elementor-widget elementor-widget-heading\" data-id=\"79b6dd6d\" data-element_type=\"widget\" data-e-type=\"widget\" data-widget_type=\"heading.default\">\n\t\t\t\t\t<h3 class=\"elementor-heading-title elementor-size-default\">Impressum<\/h3>\t\t\t\t<\/div>\n\t\t\t\t<div class=\"elementor-element elementor-element-1b9f181 elementor-widget elementor-widget-text-editor\" data-id=\"1b9f181\" data-element_type=\"widget\" data-e-type=\"widget\" data-widget_type=\"text-editor.default\">\n\t\t\t\t\t\t\t\t\t<div class=\"wpb_column vc_column_container vc_col-sm-4\"><div class=\"vc_column-inner\"><div class=\"wpb_wrapper\"><div class=\"wpb_raw_code wpb_raw_html wpb_content_element\"><div class=\"wpb_wrapper\"><div class=\"footer-contact\"><strong>Verisana GmbH<\/strong><br \/><br \/>Spitalerstra\u00dfe 9<br \/>20095 Hamburg<br \/>Deutschland<br \/><br \/>E-Mail: kontakt@verisana.de<br \/><br \/>Tel.: +49 (0) 40 53 79 76 958<br \/>Fax: +49 (0) 40 53 79 76 959<br \/><br \/><\/div><\/div><\/div><\/div><\/div><\/div><div class=\"wpb_column vc_column_container vc_col-sm-4 vc_col-has-fill\"><div class=\"vc_column-inner vc_custom_1760533179011\"><div class=\"wpb_wrapper\"><div class=\"wpb_text_column wpb_content_element\"><div class=\"wpb_wrapper\"><div><p>Registergericht: Amtsgericht Hamburg<br \/>Registernummer: HRB121941<\/p><p>Gesch\u00e4ftsf\u00fchrerin: Michaela Banderob<\/p><p>Umsatzsteuer-Identifikationsnummer gem\u00e4\u00df \u00a7 27 a Umsatzsteuergesetz: DE281776981<\/p><p>Plattform der EU-Kommission zur Online-Streitbeilegung:<br \/><a href=\"https:\/\/ec.europa.eu\/consumers\/odr\" target=\"_blank\" rel=\"noopener\">https:\/\/ec.europa.eu\/consumers\/odr<\/a><\/p><p>Wir sind zur Teilnahme an einem Streitbeilegungsverfahren vor einer Verbraucherschlichtungsstelle weder verpflichtet noch bereit.<\/p><p>Verantwortliche\/r i.S.d. \u00a7 55 Abs. 2 RStV:<br \/>Michaela Banderob, Spitalerstra\u00dfe 9, 20095 Hamburg<\/p><\/div><\/div><\/div><\/div><\/div><\/div>\t\t\t\t\t\t\t\t<\/div>\n\t\t\t\t<\/div>\n\t\t\t\t<\/div>","protected":false},"excerpt":{"rendered":"<p>Impressum Verisana GmbH Spitalerstra\u00dfe 920095 HamburgDeutschland E-Mail: kontakt@verisana.de Tel.: +49 (0) 40 53 79 76 958Fax: +49 (0) 40 53 79 76 959 Registergericht: Amtsgericht HamburgRegisternummer: HRB121941 Gesch\u00e4ftsf\u00fchrerin: Michaela Banderob Umsatzsteuer-Identifikationsnummer gem\u00e4\u00df \u00a7 27 a Umsatzsteuergesetz: DE281776981 Plattform der EU-Kommission zur Online-Streitbeilegung:https:\/\/ec.europa.eu\/consumers\/odr Wir sind zur Teilnahme an einem Streitbeilegungsverfahren vor einer Verbraucherschlichtungsstelle weder verpflichtet noch&hellip;<\/p>","protected":false},"author":1,"featured_media":0,"parent":0,"menu_order":20,"comment_status":"closed","ping_status":"closed","template":"","meta":{"iawp_total_views":0,"footnotes":""},"class_list":["post-7652","page","type-page","status-publish","hentry"],"_links":{"self":[{"href":"https:\/\/labor.verisana.de\/en\/wp-json\/wp\/v2\/pages\/7652","targetHints":{"allow":["GET"]}}],"collection":[{"href":"https:\/\/labor.verisana.de\/en\/wp-json\/wp\/v2\/pages"}],"about":[{"href":"https:\/\/labor.verisana.de\/en\/wp-json\/wp\/v2\/types\/page"}],"author":[{"embeddable":true,"href":"https:\/\/labor.verisana.de\/en\/wp-json\/wp\/v2\/users\/1"}],"replies":[{"embeddable":true,"href":"https:\/\/labor.verisana.de\/en\/wp-json\/wp\/v2\/comments?post=7652"}],"version-history":[{"count":0,"href":"https:\/\/labor.verisana.de\/en\/wp-json\/wp\/v2\/pages\/7652\/revisions"}],"wp:attachment":[{"href":"https:\/\/labor.verisana.de\/en\/wp-json\/wp\/v2\/media?parent=7652"}],"curies":[{"name":"wp","href":"https:\/\/api.w.org\/{rel}","templated":true}]}}